{"id":37,"date":"2022-10-08T20:48:54","date_gmt":"2022-10-08T23:48:54","guid":{"rendered":"https:\/\/48xxyy.com.br\/?page_id=37"},"modified":"2022-10-17T16:33:59","modified_gmt":"2022-10-17T19:33:59","slug":"bem-vindo","status":"publish","type":"page","link":"https:\/\/48xxyy.com.br\/index.php\/bem-vindo\/","title":{"rendered":"Bem-Vindo"},"content":{"rendered":"\t\t<div data-elementor-type=\"wp-page\" data-elementor-id=\"37\" class=\"elementor elementor-37\">\n\t\t\t\t\t\t\t\t\t<section class=\"elementor-section elementor-top-section elementor-element elementor-element-05514d5 elementor-section-boxed elementor-section-height-default elementor-section-height-default\" data-id=\"05514d5\" data-element_type=\"section\">\n\t\t\t\t\t\t<div class=\"elementor-container elementor-column-gap-default\">\n\t\t\t\t\t<div class=\"elementor-column elementor-col-100 elementor-top-column elementor-element elementor-element-a1517e5\" data-id=\"a1517e5\" data-element_type=\"column\">\n\t\t\t<div class=\"elementor-widget-wrap elementor-element-populated\">\n\t\t\t\t\t\t\t\t<div class=\"elementor-element elementor-element-0abe0c2 elementor-widget elementor-widget-text-editor\" data-id=\"0abe0c2\" data-element_type=\"widget\" data-widget_type=\"text-editor.default\">\n\t\t\t\t<div class=\"elementor-widget-container\">\n\t\t\t<style>\/*! elementor - v3.14.0 - 18-06-2023 *\/\n.elementor-widget-text-editor.elementor-drop-cap-view-stacked .elementor-drop-cap{background-color:#69727d;color:#fff}.elementor-widget-text-editor.elementor-drop-cap-view-framed .elementor-drop-cap{color:#69727d;border:3px solid;background-color:transparent}.elementor-widget-text-editor:not(.elementor-drop-cap-view-default) .elementor-drop-cap{margin-top:8px}.elementor-widget-text-editor:not(.elementor-drop-cap-view-default) .elementor-drop-cap-letter{width:1em;height:1em}.elementor-widget-text-editor .elementor-drop-cap{float:left;text-align:center;line-height:1;font-size:50px}.elementor-widget-text-editor .elementor-drop-cap-letter{display:inline-block}<\/style>\t\t\t\t<p>Este site foi feito para todos que descobriram o que \u00e9 ter um cari\u00f3tipo 48,XXYY, ou seja, um par de cromossomos sexuais extras. \u00c9 sobre a vida di\u00e1ria, as limita\u00e7\u00f5es, as descobertas cient\u00edficas, as peculiaridades dessa s\u00edndrome que pode ser vista em apenas um a cada 20 mil meninos, em m\u00e9dia. \u00c9 considerada uma varia\u00e7\u00e3o da S\u00edndrome de Klinefelter (SK), muito mais comum, que acomete um a cada 600 meninos.&nbsp;<\/p>\n<p>Sou uma m\u00e3e interessada em saber mais daquilo que pode ajudar meu filho a se tornar um homem pleno, realizado e feliz. Para a ci\u00eancia, ele \u00e9 um menino raro. Para mim, ele \u00e9 \u00fanico e irretoc\u00e1vel. O meu grande tesouro.&nbsp;<\/p>\n<p>Quando eu estudava no Ensino B\u00e1sico, gen\u00e9tica \u2013 ao lado de hist\u00f3ria do mundo \u2013 era minha grande paix\u00e3o. Gostava de falar sobre genes recessivos, dominantes, sobre combina\u00e7\u00e3o de cromossomos, de fator Rh, de tipo de sangue. Algumas d\u00e9cadas depois, c\u00e1 estou eu de volta aos cromossomos. Mais curiosa, mais interessada do que nunca.<\/p>\n<p>Em meus textos voc\u00ea vai encontrar o que estudei sobre comportamento, medicina e educa\u00e7\u00e3o para os meninos 48,XXYY.<\/p>\n<p>Muitas vezes a gente acaba pesquisando tanto que chega a dar refer\u00eancias para os m\u00e9dicos que acompanham a crian\u00e7a em cada uma das \u00e1reas. Eu at\u00e9 imprimi umas apostilas de 30 p\u00e1ginas para sair deixando em cada consult\u00f3rio por onde passo.<\/p>\n<p>Minha maior fonte de informa\u00e7\u00f5es \u00e9 um projeto ligado \u00e0 cl\u00ednica eXtraordinarY Kids e \u00e0 academia de pesquisas dos Estados Unidos, mais notadamente no Colorado e na Georgia. Encorajo todos a procurarem, no Youtube, webinars do Projeto AXYS . S\u00e3o excelentes para a compreens\u00e3o de como a s\u00edndrome trabalha.<\/p>\n<p>Mas n\u00e3o \u00e9 s\u00f3 isso. No blog voc\u00ea vai ver textos mais pessoais, em que conto o desafio e a recompensa de ser m\u00e3e divorciada de uma crian\u00e7a 48 XXYY e de outra com cari\u00f3tipo normal que, da mesma maneira, precisa da aten\u00e7\u00e3o, do amor, do cuidado e do colinho de uma m\u00e3e. S\u00f3 pra adiantar: n\u00e3o \u00e9 nada f\u00e1cil!<\/p>\n<p>Se voc\u00ea quer participar, junte-se a mim nessa caminhada. Certamente colheremos experi\u00eancias v\u00e1lidas e sobretudo, a alegria de fazer nossos filhos crescerem da melhor maneira poss\u00edvel.<\/p>\n<p>Apare\u00e7a, entre em nosso grupo de m\u00e3es e pacientes no whatsa Bem vindo ao mundo dos X e Y extras!<span class=\"Apple-converted-space\">&nbsp;<\/span><\/p>\n<p>Milena Galdino Jornalista Bras\u00edlia \u2013 DF<\/p>\n<div id=\"accel-snackbar\" style=\"left: 50%; transform: translate(-50%, 0px); top: 50px;\">&nbsp;<\/div>\t\t\t\t\t\t<\/div>\n\t\t\t\t<\/div>\n\t\t\t\t\t<\/div>\n\t\t<\/div>\n\t\t\t\t\t\t\t<\/div>\n\t\t<\/section>\n\t\t\t\t\t\t\t<\/div>\n\t\t","protected":false},"excerpt":{"rendered":"<p>Este site foi feito para todos que descobriram o que \u00e9 ter um cari\u00f3tipo 48,XXYY, ou seja, um par de cromossomos sexuais extras. \u00c9 sobre a vida di\u00e1ria, as limita\u00e7\u00f5es, [&hellip;]<\/p>\n","protected":false},"author":1,"featured_media":0,"parent":0,"menu_order":0,"comment_status":"closed","ping_status":"closed","template":"","meta":{"_ti_tpc_template_sync":false,"_ti_tpc_template_id":""},"rishi__cb_customizer_meta":"","yoast_head":"<!-- This site is optimized with the Yoast SEO plugin v20.9 - https:\/\/yoast.com\/wordpress\/plugins\/seo\/ -->\n<title>Bem-Vindo - 48XXYY<\/title>\n<meta name=\"robots\" content=\"index, follow, max-snippet:-1, max-image-preview:large, max-video-preview:-1\" \/>\n<link rel=\"canonical\" href=\"https:\/\/48xxyy.com.br\/index.php\/bem-vindo\/\" \/>\n<meta property=\"og:locale\" content=\"pt_BR\" \/>\n<meta property=\"og:type\" content=\"article\" \/>\n<meta property=\"og:title\" content=\"Bem-Vindo - 48XXYY\" \/>\n<meta property=\"og:description\" content=\"Este site foi feito para todos que descobriram o que \u00e9 ter um cari\u00f3tipo 48,XXYY, ou seja, um par de cromossomos sexuais extras. \u00c9 sobre a vida di\u00e1ria, as limita\u00e7\u00f5es, [&hellip;]\" \/>\n<meta property=\"og:url\" content=\"https:\/\/48xxyy.com.br\/index.php\/bem-vindo\/\" \/>\n<meta property=\"og:site_name\" content=\"48XXYY\" \/>\n<meta property=\"article:publisher\" content=\"https:\/\/www.facebook.com\/48xxyy\" \/>\n<meta property=\"article:modified_time\" content=\"2022-10-17T19:33:59+00:00\" \/>\n<meta name=\"twitter:card\" content=\"summary_large_image\" \/>\n<meta name=\"twitter:label1\" content=\"Est. tempo de leitura\" \/>\n\t<meta name=\"twitter:data1\" content=\"2 minutos\" \/>\n<script type=\"application\/ld+json\" class=\"yoast-schema-graph\">{\"@context\":\"https:\/\/schema.org\",\"@graph\":[{\"@type\":\"WebPage\",\"@id\":\"https:\/\/48xxyy.com.br\/index.php\/bem-vindo\/\",\"url\":\"https:\/\/48xxyy.com.br\/index.php\/bem-vindo\/\",\"name\":\"Bem-Vindo - 48XXYY\",\"isPartOf\":{\"@id\":\"https:\/\/48xxyy.com.br\/#website\"},\"datePublished\":\"2022-10-08T23:48:54+00:00\",\"dateModified\":\"2022-10-17T19:33:59+00:00\",\"breadcrumb\":{\"@id\":\"https:\/\/48xxyy.com.br\/index.php\/bem-vindo\/#breadcrumb\"},\"inLanguage\":\"pt-BR\",\"potentialAction\":[{\"@type\":\"ReadAction\",\"target\":[\"https:\/\/48xxyy.com.br\/index.php\/bem-vindo\/\"]}]},{\"@type\":\"BreadcrumbList\",\"@id\":\"https:\/\/48xxyy.com.br\/index.php\/bem-vindo\/#breadcrumb\",\"itemListElement\":[{\"@type\":\"ListItem\",\"position\":1,\"name\":\"In\u00edcio\",\"item\":\"https:\/\/48xxyy.com.br\/\"},{\"@type\":\"ListItem\",\"position\":2,\"name\":\"Bem-Vindo\"}]},{\"@type\":\"WebSite\",\"@id\":\"https:\/\/48xxyy.com.br\/#website\",\"url\":\"https:\/\/48xxyy.com.br\/\",\"name\":\"48XXYY\",\"description\":\"Bem-vindo ao mundo dos X e Y extras\",\"publisher\":{\"@id\":\"https:\/\/48xxyy.com.br\/#organization\"},\"potentialAction\":[{\"@type\":\"SearchAction\",\"target\":{\"@type\":\"EntryPoint\",\"urlTemplate\":\"https:\/\/48xxyy.com.br\/?s={search_term_string}\"},\"query-input\":\"required name=search_term_string\"}],\"inLanguage\":\"pt-BR\"},{\"@type\":\"Organization\",\"@id\":\"https:\/\/48xxyy.com.br\/#organization\",\"name\":\"48XXYY\",\"url\":\"https:\/\/48xxyy.com.br\/\",\"logo\":{\"@type\":\"ImageObject\",\"inLanguage\":\"pt-BR\",\"@id\":\"https:\/\/48xxyy.com.br\/#\/schema\/logo\/image\/\",\"url\":\"https:\/\/48xxyy.com.br\/wp-content\/uploads\/2022\/11\/urso-48xxtt-wpp.jpg\",\"contentUrl\":\"https:\/\/48xxyy.com.br\/wp-content\/uploads\/2022\/11\/urso-48xxtt-wpp.jpg\",\"width\":400,\"height\":400,\"caption\":\"48XXYY\"},\"image\":{\"@id\":\"https:\/\/48xxyy.com.br\/#\/schema\/logo\/image\/\"},\"sameAs\":[\"https:\/\/www.facebook.com\/48xxyy\",\"https:\/\/www.instagram.com\/extraordynarios\/\",\"https:\/\/www.youtube.com\/channel\/UCNSbVYiYr-6IXrUbZvqsw4Q\"]}]}<\/script>\n<!-- \/ Yoast SEO plugin. -->","yoast_head_json":{"title":"Bem-Vindo - 48XXYY","robots":{"index":"index","follow":"follow","max-snippet":"max-snippet:-1","max-image-preview":"max-image-preview:large","max-video-preview":"max-video-preview:-1"},"canonical":"https:\/\/48xxyy.com.br\/index.php\/bem-vindo\/","og_locale":"pt_BR","og_type":"article","og_title":"Bem-Vindo - 48XXYY","og_description":"Este site foi feito para todos que descobriram o que \u00e9 ter um cari\u00f3tipo 48,XXYY, ou seja, um par de cromossomos sexuais extras. \u00c9 sobre a vida di\u00e1ria, as limita\u00e7\u00f5es, [&hellip;]","og_url":"https:\/\/48xxyy.com.br\/index.php\/bem-vindo\/","og_site_name":"48XXYY","article_publisher":"https:\/\/www.facebook.com\/48xxyy","article_modified_time":"2022-10-17T19:33:59+00:00","twitter_card":"summary_large_image","twitter_misc":{"Est. tempo de leitura":"2 minutos"},"schema":{"@context":"https:\/\/schema.org","@graph":[{"@type":"WebPage","@id":"https:\/\/48xxyy.com.br\/index.php\/bem-vindo\/","url":"https:\/\/48xxyy.com.br\/index.php\/bem-vindo\/","name":"Bem-Vindo - 48XXYY","isPartOf":{"@id":"https:\/\/48xxyy.com.br\/#website"},"datePublished":"2022-10-08T23:48:54+00:00","dateModified":"2022-10-17T19:33:59+00:00","breadcrumb":{"@id":"https:\/\/48xxyy.com.br\/index.php\/bem-vindo\/#breadcrumb"},"inLanguage":"pt-BR","potentialAction":[{"@type":"ReadAction","target":["https:\/\/48xxyy.com.br\/index.php\/bem-vindo\/"]}]},{"@type":"BreadcrumbList","@id":"https:\/\/48xxyy.com.br\/index.php\/bem-vindo\/#breadcrumb","itemListElement":[{"@type":"ListItem","position":1,"name":"In\u00edcio","item":"https:\/\/48xxyy.com.br\/"},{"@type":"ListItem","position":2,"name":"Bem-Vindo"}]},{"@type":"WebSite","@id":"https:\/\/48xxyy.com.br\/#website","url":"https:\/\/48xxyy.com.br\/","name":"48XXYY","description":"Bem-vindo ao mundo dos X e Y extras","publisher":{"@id":"https:\/\/48xxyy.com.br\/#organization"},"potentialAction":[{"@type":"SearchAction","target":{"@type":"EntryPoint","urlTemplate":"https:\/\/48xxyy.com.br\/?s={search_term_string}"},"query-input":"required name=search_term_string"}],"inLanguage":"pt-BR"},{"@type":"Organization","@id":"https:\/\/48xxyy.com.br\/#organization","name":"48XXYY","url":"https:\/\/48xxyy.com.br\/","logo":{"@type":"ImageObject","inLanguage":"pt-BR","@id":"https:\/\/48xxyy.com.br\/#\/schema\/logo\/image\/","url":"https:\/\/48xxyy.com.br\/wp-content\/uploads\/2022\/11\/urso-48xxtt-wpp.jpg","contentUrl":"https:\/\/48xxyy.com.br\/wp-content\/uploads\/2022\/11\/urso-48xxtt-wpp.jpg","width":400,"height":400,"caption":"48XXYY"},"image":{"@id":"https:\/\/48xxyy.com.br\/#\/schema\/logo\/image\/"},"sameAs":["https:\/\/www.facebook.com\/48xxyy","https:\/\/www.instagram.com\/extraordynarios\/","https:\/\/www.youtube.com\/channel\/UCNSbVYiYr-6IXrUbZvqsw4Q"]}]}},"_links":{"self":[{"href":"https:\/\/48xxyy.com.br\/index.php\/wp-json\/wp\/v2\/pages\/37"}],"collection":[{"href":"https:\/\/48xxyy.com.br\/index.php\/wp-json\/wp\/v2\/pages"}],"about":[{"href":"https:\/\/48xxyy.com.br\/index.php\/wp-json\/wp\/v2\/types\/page"}],"author":[{"embeddable":true,"href":"https:\/\/48xxyy.com.br\/index.php\/wp-json\/wp\/v2\/users\/1"}],"replies":[{"embeddable":true,"href":"https:\/\/48xxyy.com.br\/index.php\/wp-json\/wp\/v2\/comments?post=37"}],"version-history":[{"count":6,"href":"https:\/\/48xxyy.com.br\/index.php\/wp-json\/wp\/v2\/pages\/37\/revisions"}],"predecessor-version":[{"id":3588,"href":"https:\/\/48xxyy.com.br\/index.php\/wp-json\/wp\/v2\/pages\/37\/revisions\/3588"}],"wp:attachment":[{"href":"https:\/\/48xxyy.com.br\/index.php\/wp-json\/wp\/v2\/media?parent=37"}],"curies":[{"name":"wp","href":"https:\/\/api.w.org\/{rel}","templated":true}]}}